{"id":3033,"date":"2024-04-09T05:01:06","date_gmt":"2024-04-09T05:01:06","guid":{"rendered":"https:\/\/modafinilminds.com\/termini-di-servizio\/"},"modified":"2025-01-01T15:48:00","modified_gmt":"2025-01-01T15:48:00","slug":"termini-di-servizio","status":"publish","type":"page","link":"https:\/\/modafinilminds.com\/it\/termini-di-servizio\/","title":{"rendered":"Termini di servizio"},"content":{"rendered":"&#13;\n<p class=\"wp-block-paragraph\"><b>Ultimo aggiornamento: <\/b><span style=\"font-weight: 400;\"> 3 ottobre 2023<\/span><\/p>&#13;\n<p>\u00a0<\/p>&#13;\n<h2><b>1. Accettazione dei termini<\/b><\/h2>&#13;\n&#13;\n<p class=\"wp-block-paragraph\">\u00a0<\/p>&#13;\n<p><span style=\"font-weight: 400;\">Benvenuto su <strong>Modafinil Minds<\/strong>. I presenti Termini di Servizio (&#8220;Termini&#8221;) regolano l&#8217;utilizzo del nostro sito web all&#8217;indirizzo <a href=\"https:\/\/modafinilminds.com\/it\/\"><strong>modafinilminds.com<\/strong><\/a> (il &#8220;Sito&#8221;) gestito da Modafinil Minds (&#8220;noi&#8221;, &#8220;nostro&#8221;, &#8220;ci&#8221;). Accedendo e utilizzando il Sito, l&#8217;utente accetta di rispettare e di essere vincolato dai presenti Termini. Se non accetti i presenti Termini, ti invitiamo a non utilizzare il Sito.   <\/span><\/p>&#13;\n<p>\u00a0<\/p>&#13;\n&#13;\n<h3 class=\"wp-block-heading\"><b>2. Usa la licenza<\/b><\/h3>&#13;\n<p>\u00a0<\/p>&#13;\n&#13;\n<p class=\"wp-block-paragraph\"><span style=\"font-weight: 400;\">\u00c8 concesso il permesso di scaricare temporaneamente una copia dei materiali (informazioni o software) presenti sul sito web di Modafinil Minds per una visione transitoria personale e non commerciale.  <\/span><\/p>&#13;\n<p>\u00a0<\/p>&#13;\n<p><span style=\"font-weight: 400;\">Questa \u00e8 la concessione di una licenza, non un trasferimento di propriet\u00e0, e in base a questa licenza, non puoi:<\/span><\/p>&#13;\n<p>\u00a0<\/p>&#13;\n&#13;\n<ul>&#13;\n<li style=\"font-weight: 400;\" aria-level=\"1\"><span style=\"font-weight: 400;\">modify or copy the materials;<\/span><\/li>&#13;\n<\/ul>&#13;\n<p class=\"wp-block-paragraph\">\u00a0<\/p>&#13;\n<ul>&#13;\n<li style=\"font-weight: 400;\" aria-level=\"1\"><span style=\"font-weight: 400;\">use the materials for any commercial purpose, or for any public display (commercial or non-commercial);<\/span><\/li>&#13;\n<\/ul>&#13;\n<p>\u00a0<\/p>&#13;\n<ul>&#13;\n<li style=\"font-weight: 400;\" aria-level=\"1\"><span style=\"font-weight: 400;\">attempt to decompile or reverse engineer any software contained on <strong>Modafinil Minds<\/strong>&#8216; website;<\/span><\/li>&#13;\n<\/ul>&#13;\n<p>\u00a0<\/p>&#13;\n<ul>&#13;\n<li style=\"font-weight: 400;\" aria-level=\"1\"><span style=\"font-weight: 400;\">remove any copyright or other proprietary notations from the materials; or<\/span><\/li>&#13;\n<\/ul>&#13;\n<p>\u00a0<\/p>&#13;\n<ul>&#13;\n<li style=\"font-weight: 400;\" aria-level=\"1\"><span style=\"font-weight: 400;\">transfer the materials to another person or &#8220;mirror&#8221; the materials on any other server.<\/span><\/li>&#13;\n<\/ul>&#13;\n<p>\u00a0<\/p>&#13;\n<p><span style=\"font-weight: 400;\">Questa licenza terminer\u00e0 automaticamente in caso di violazione di una qualsiasi di queste restrizioni e potr\u00e0 essere revocata da Modafinil Minds in qualsiasi momento. Al termine della visione di questi materiali o al termine della presente licenza, l&#8217;utente dovr\u00e0 distruggere tutti i materiali scaricati in suo possesso, sia in formato elettronico che cartaceo. <\/span><\/p>&#13;\n<ul><\/ul><\/ul>\n<p>&nbsp;<\/p>\n<p><!-- \/wp:post-content --><\/p>\n<p><!-- wp:heading {\"level\":3} --><\/p>\n<h3 class=\"wp-block-heading\"><b>3. Esonero di responsabilit\u00e0<\/b><\/h3>\n<p>&nbsp;<\/p>\n<p><!-- \/wp:heading --><\/p>\n<p><!-- wp:paragraph --><\/p>\n<p><span style=\"font-weight: 400;\">I materiali presenti sul sito web di <strong>Modafinil Minds<\/strong> sono forniti &#8220;cos\u00ec come sono&#8221;.<\/span><\/p>\n<p>&nbsp;<\/p>\n<p><span style=\"font-weight: 400;\">  Modafinil Minds non fornisce alcuna garanzia, espressa o implicita, e con la presente esclude e nega tutte le altre garanzie, incluse, senza limitazioni, garanzie implicite o condizioni di commerciabilit\u00e0, idoneit\u00e0 per uno scopo particolare, o non violazione della propriet\u00e0 intellettuale o altre violazioni dei diritti.  <\/span><\/p>\n<p>&nbsp;<\/p>\n<p><span style=\"font-weight: 400;\">Inoltre, Modafinil Minds non garantisce n\u00e9 rilascia alcuna dichiarazione in merito all&#8217;accuratezza, ai risultati probabili o all&#8217;affidabilit\u00e0 dell&#8217;uso dei materiali presenti sul proprio sito web o altrimenti relativi a tali materiali o a qualsiasi sito collegato a questo sito.<\/span><\/p>\n<p><!-- \/wp:paragraph --><\/p>\n<p><!-- wp:paragraph --><\/p>\n<p>&nbsp;<\/p>\n<p>&nbsp;<\/p>\n<p><!-- \/wp:paragraph --><\/p>\n<p><!-- wp:heading {\"level\":3} --><\/p>\n<h3 class=\"wp-block-heading\"><b>4. Limitazioni<\/b><\/h3>\n<p>&nbsp;<\/p>\n<p><!-- \/wp:heading --><\/p>\n<p><!-- wp:paragraph --><\/p>\n<p><span style=\"font-weight: 400;\">In nessun caso Modafinil Minds o i suoi fornitori saranno responsabili per eventuali danni (inclusi, senza limitazioni, danni per perdita di dati o profitti, o a causa di interruzione dell&#8217;attivit\u00e0) derivanti dall&#8217;uso o dall&#8217;impossibilit\u00e0 di utilizzare i materiali presenti sul sito web di Modafinil Minds, anche se Modafinil Minds o un rappresentante autorizzato di Modafinil Minds \u00e8 stato avvisato oralmente o per iscritto della possibilit\u00e0 di tali danni.<\/span><\/p>\n<p>&nbsp;<\/p>\n<p><!-- \/wp:paragraph --><\/p>\n<p><!-- wp:heading {\"level\":3} --><\/p>\n<h3 class=\"wp-block-heading\"><b>5. Accuratezza dei materiali<\/b><\/h3>\n<p>&nbsp;<\/p>\n<p><!-- \/wp:heading --><\/p>\n<p><!-- wp:paragraph --><\/p>\n<p><span style=\"font-weight: 400;\">I materiali presenti sul sito web di Modafinil Minds potrebbero contenere errori tecnici, tipografici o fotografici. Modafinil Minds non garantisce che i materiali presenti sul suo sito web siano accurati, completi o aggiornati. <\/span><\/p>\n<p>&nbsp;<\/p>\n<p><span style=\"font-weight: 400;\">  Modafinil Minds pu\u00f2 apportare modifiche ai materiali contenuti nel suo sito web in qualsiasi momento e senza preavviso. Tuttavia, Modafinil Minds non si impegna ad aggiornare i materiali. <\/span><\/p>\n<p>&nbsp;<\/p>\n<p><!-- \/wp:paragraph --><\/p>\n<p><!-- wp:heading {\"level\":3} --><\/p>\n<h3 class=\"wp-block-heading\"><b>6. Collegamenti<\/b><\/h3>\n<p>&nbsp;<\/p>\n<p><!-- \/wp:heading --><\/p>\n<p><!-- wp:paragraph --><\/p>\n<p><span style=\"font-weight: 400;\">Modafinil Minds non ha esaminato tutti i siti collegati al suo sito web e non \u00e8 responsabile dei contenuti di tali siti collegati.  <\/span><\/p>\n<p>&nbsp;<\/p>\n<p><span style=\"font-weight: 400;\">L&#8217;inclusione di qualsiasi link non implica l&#8217;approvazione del sito da parte di Modafinil Minds. L&#8217;uso di qualsiasi sito web collegato \u00e8 a rischio dell&#8217;utente. <\/span><\/p>\n<p>&nbsp;<\/p>\n<p><!-- \/wp:paragraph --><\/p>\n<p><!-- wp:heading {\"level\":3} --><\/p>\n<h3 class=\"wp-block-heading\"><b>7. Modifiche<\/b><\/h3>\n<p>&nbsp;<\/p>\n<p><span style=\"font-weight: 400;\">Modafinil Minds pu\u00f2 rivedere i termini di servizio del proprio sito web in qualsiasi momento e senza preavviso. Utilizzando questo sito web accetti di essere vincolato dalla versione pi\u00f9 recente di questi termini di servizio. <\/span><\/p>\n<p>&nbsp;<\/p>\n<p><!-- \/wp:heading --><\/p>\n<p><!-- wp:heading {\"level\":3} --><\/p>\n<h3 class=\"wp-block-heading\"><b>8. Legge applicabile<\/b><\/h3>\n<p>&nbsp;<\/p>\n<p><!-- \/wp:heading --><\/p>\n<p><!-- wp:paragraph --><\/p>\n<p><span style=\"font-weight: 400;\">I presenti termini e condizioni sono disciplinati e interpretati in conformit\u00e0 alle leggi dello Stato della California, Stati Uniti d&#8217;America, e l&#8217;utente si sottopone irrevocabilmente alla giurisdizione esclusiva dei tribunali di tale Stato.<\/span><\/p>\n<p>&nbsp;<\/p>\n<p><!-- \/wp:paragraph --><\/p>\n<p><!-- wp:heading {\"level\":3} --><\/p>\n<h3 class=\"wp-block-heading\"><b>Contattaci<\/b><\/h3>\n<h3> <\/h3>\n<p class=\"wp-block-heading\"><span style=\"font-weight: 400;\">In caso di domande sui presenti Termini, contattaci all&#8217;indirizzo <a href=\"mailto:hello@modafinilminds.com\">hello@modafinilminds.com<\/a>.<\/span><\/p>\n<p><!-- \/wp:heading --><\/p>\n<p><!-- wp:paragraph --><\/p>\n<p>&nbsp;<\/p>\n<p><!-- \/wp:paragraph --><\/p>\n","protected":false},"excerpt":{"rendered":"<p>&#13; Ultimo aggiornamento: 3 ottobre 2023 &#13; \u00a0 &#13; 1. Accettazione dei termini &#13; &#13; \u00a0 &#13; Benvenuto su Modafinil Minds. I presenti Termini di Servizio (&#8220;Termini&#8221;) regolano l&#8217;utilizzo del nostro sito web all&#8217;indirizzo modafinilminds.com (il &#8220;Sito&#8221;) gestito da Modafinil Minds (&#8220;noi&#8221;, &#8220;nostro&#8221;, &#8220;ci&#8221;). Accedendo e utilizzando il Sito, l&#8217;utente accetta di rispettare e di [&hellip;]<\/p>\n","protected":false},"author":5,"featured_media":0,"parent":0,"menu_order":0,"comment_status":"closed","ping_status":"closed","template":"","meta":{"_acf_changed":false,"_crdt_document":"","footnotes":""},"class_list":["post-3033","page","type-page","status-publish","hentry"],"featured_image_src":null,"acf":[],"yoast_head":"<!-- This site is optimized with the Yoast SEO plugin v27.4 - https:\/\/yoast.com\/product\/yoast-seo-wordpress\/ -->\n<title>Termini di servizio - Modafinilminds<\/title>\n<meta name=\"robots\" content=\"index, follow, max-snippet:-1, max-image-preview:large, max-video-preview:-1\" \/>\n<link rel=\"canonical\" href=\"https:\/\/modafinilminds.com\/terms-of-service\/\" \/>\n<meta property=\"og:locale\" content=\"it_IT\" \/>\n<meta property=\"og:type\" content=\"article\" \/>\n<meta property=\"og:title\" content=\"Termini di servizio - Modafinilminds\" \/>\n<meta property=\"og:description\" content=\"&#013; Ultimo aggiornamento: 3 ottobre 2023 &#013; \u00a0 &#013; 1. Accettazione dei termini &#013; &#013; \u00a0 &#013; Benvenuto su Modafinil Minds. I presenti Termini di Servizio (&#8220;Termini&#8221;) regolano l&#8217;utilizzo del nostro sito web all&#8217;indirizzo modafinilminds.com (il &#8220;Sito&#8221;) gestito da Modafinil Minds (&#8220;noi&#8221;, &#8220;nostro&#8221;, &#8220;ci&#8221;). Accedendo e utilizzando il Sito, l&#8217;utente accetta di rispettare e di [&hellip;]\" \/>\n<meta property=\"og:url\" content=\"https:\/\/modafinilminds.com\/terms-of-service\/\" \/>\n<meta property=\"og:site_name\" content=\"Modafinilminds\" \/>\n<meta property=\"article:modified_time\" content=\"2025-01-01T15:48:00+00:00\" \/>\n<meta name=\"twitter:card\" content=\"summary_large_image\" \/>\n<meta name=\"twitter:label1\" content=\"Tempo di lettura stimato\" \/>\n\t<meta name=\"twitter:data1\" content=\"3 minuti\" \/>\n<script type=\"application\/ld+json\" class=\"yoast-schema-graph\">{\"@context\":\"https:\\\/\\\/schema.org\",\"@graph\":[{\"@type\":\"WebPage\",\"@id\":\"https:\\\/\\\/modafinilminds.com\\\/terms-of-service\\\/\",\"url\":\"https:\\\/\\\/modafinilminds.com\\\/terms-of-service\\\/\",\"name\":\"Termini di servizio - Modafinilminds\",\"isPartOf\":{\"@id\":\"https:\\\/\\\/modafinilminds.com\\\/#website\"},\"datePublished\":\"2024-04-09T05:01:06+00:00\",\"dateModified\":\"2025-01-01T15:48:00+00:00\",\"breadcrumb\":{\"@id\":\"https:\\\/\\\/modafinilminds.com\\\/terms-of-service\\\/#breadcrumb\"},\"inLanguage\":\"it-IT\",\"potentialAction\":[{\"@type\":\"ReadAction\",\"target\":[\"https:\\\/\\\/modafinilminds.com\\\/terms-of-service\\\/\"]}]},{\"@type\":\"BreadcrumbList\",\"@id\":\"https:\\\/\\\/modafinilminds.com\\\/terms-of-service\\\/#breadcrumb\",\"itemListElement\":[{\"@type\":\"ListItem\",\"position\":1,\"name\":\"Home\",\"item\":\"https:\\\/\\\/modafinilminds.com\\\/it\\\/\"},{\"@type\":\"ListItem\",\"position\":2,\"name\":\"Termini di servizio\"}]},{\"@type\":\"WebSite\",\"@id\":\"https:\\\/\\\/modafinilminds.com\\\/#website\",\"url\":\"https:\\\/\\\/modafinilminds.com\\\/\",\"name\":\"Modafinilminds\",\"description\":\"Modafinilminds\",\"publisher\":{\"@id\":\"https:\\\/\\\/modafinilminds.com\\\/#organization\"},\"potentialAction\":[{\"@type\":\"SearchAction\",\"target\":{\"@type\":\"EntryPoint\",\"urlTemplate\":\"https:\\\/\\\/modafinilminds.com\\\/?s={search_term_string}\"},\"query-input\":{\"@type\":\"PropertyValueSpecification\",\"valueRequired\":true,\"valueName\":\"search_term_string\"}}],\"inLanguage\":\"it-IT\"},{\"@type\":\"Organization\",\"@id\":\"https:\\\/\\\/modafinilminds.com\\\/#organization\",\"name\":\"Modafinilminds\",\"url\":\"https:\\\/\\\/modafinilminds.com\\\/\",\"logo\":{\"@type\":\"ImageObject\",\"inLanguage\":\"it-IT\",\"@id\":\"https:\\\/\\\/modafinilminds.com\\\/#\\\/schema\\\/logo\\\/image\\\/\",\"url\":\"https:\\\/\\\/modafinilminds.com\\\/wp-content\\\/uploads\\\/2024\\\/04\\\/Group-5.png\",\"contentUrl\":\"https:\\\/\\\/modafinilminds.com\\\/wp-content\\\/uploads\\\/2024\\\/04\\\/Group-5.png\",\"width\":264,\"height\":108,\"caption\":\"Modafinilminds\"},\"image\":{\"@id\":\"https:\\\/\\\/modafinilminds.com\\\/#\\\/schema\\\/logo\\\/image\\\/\"}}]}<\/script>\n<!-- \/ Yoast SEO plugin. -->","yoast_head_json":{"title":"Termini di servizio - Modafinilminds","robots":{"index":"index","follow":"follow","max-snippet":"max-snippet:-1","max-image-preview":"max-image-preview:large","max-video-preview":"max-video-preview:-1"},"canonical":"https:\/\/modafinilminds.com\/terms-of-service\/","og_locale":"it_IT","og_type":"article","og_title":"Termini di servizio - Modafinilminds","og_description":"&#13; Ultimo aggiornamento: 3 ottobre 2023 &#13; \u00a0 &#13; 1. Accettazione dei termini &#13; &#13; \u00a0 &#13; Benvenuto su Modafinil Minds. I presenti Termini di Servizio (&#8220;Termini&#8221;) regolano l&#8217;utilizzo del nostro sito web all&#8217;indirizzo modafinilminds.com (il &#8220;Sito&#8221;) gestito da Modafinil Minds (&#8220;noi&#8221;, &#8220;nostro&#8221;, &#8220;ci&#8221;). Accedendo e utilizzando il Sito, l&#8217;utente accetta di rispettare e di [&hellip;]","og_url":"https:\/\/modafinilminds.com\/terms-of-service\/","og_site_name":"Modafinilminds","article_modified_time":"2025-01-01T15:48:00+00:00","twitter_card":"summary_large_image","twitter_misc":{"Tempo di lettura stimato":"3 minuti"},"schema":{"@context":"https:\/\/schema.org","@graph":[{"@type":"WebPage","@id":"https:\/\/modafinilminds.com\/terms-of-service\/","url":"https:\/\/modafinilminds.com\/terms-of-service\/","name":"Termini di servizio - Modafinilminds","isPartOf":{"@id":"https:\/\/modafinilminds.com\/#website"},"datePublished":"2024-04-09T05:01:06+00:00","dateModified":"2025-01-01T15:48:00+00:00","breadcrumb":{"@id":"https:\/\/modafinilminds.com\/terms-of-service\/#breadcrumb"},"inLanguage":"it-IT","potentialAction":[{"@type":"ReadAction","target":["https:\/\/modafinilminds.com\/terms-of-service\/"]}]},{"@type":"BreadcrumbList","@id":"https:\/\/modafinilminds.com\/terms-of-service\/#breadcrumb","itemListElement":[{"@type":"ListItem","position":1,"name":"Home","item":"https:\/\/modafinilminds.com\/it\/"},{"@type":"ListItem","position":2,"name":"Termini di servizio"}]},{"@type":"WebSite","@id":"https:\/\/modafinilminds.com\/#website","url":"https:\/\/modafinilminds.com\/","name":"Modafinilminds","description":"Modafinilminds","publisher":{"@id":"https:\/\/modafinilminds.com\/#organization"},"potentialAction":[{"@type":"SearchAction","target":{"@type":"EntryPoint","urlTemplate":"https:\/\/modafinilminds.com\/?s={search_term_string}"},"query-input":{"@type":"PropertyValueSpecification","valueRequired":true,"valueName":"search_term_string"}}],"inLanguage":"it-IT"},{"@type":"Organization","@id":"https:\/\/modafinilminds.com\/#organization","name":"Modafinilminds","url":"https:\/\/modafinilminds.com\/","logo":{"@type":"ImageObject","inLanguage":"it-IT","@id":"https:\/\/modafinilminds.com\/#\/schema\/logo\/image\/","url":"https:\/\/modafinilminds.com\/wp-content\/uploads\/2024\/04\/Group-5.png","contentUrl":"https:\/\/modafinilminds.com\/wp-content\/uploads\/2024\/04\/Group-5.png","width":264,"height":108,"caption":"Modafinilminds"},"image":{"@id":"https:\/\/modafinilminds.com\/#\/schema\/logo\/image\/"}}]}},"_links":{"self":[{"href":"https:\/\/modafinilminds.com\/it\/wp-json\/wp\/v2\/pages\/3033","targetHints":{"allow":["GET"]}}],"collection":[{"href":"https:\/\/modafinilminds.com\/it\/wp-json\/wp\/v2\/pages"}],"about":[{"href":"https:\/\/modafinilminds.com\/it\/wp-json\/wp\/v2\/types\/page"}],"author":[{"embeddable":true,"href":"https:\/\/modafinilminds.com\/it\/wp-json\/wp\/v2\/users\/5"}],"replies":[{"embeddable":true,"href":"https:\/\/modafinilminds.com\/it\/wp-json\/wp\/v2\/comments?post=3033"}],"version-history":[{"count":0,"href":"https:\/\/modafinilminds.com\/it\/wp-json\/wp\/v2\/pages\/3033\/revisions"}],"wp:attachment":[{"href":"https:\/\/modafinilminds.com\/it\/wp-json\/wp\/v2\/media?parent=3033"}],"curies":[{"name":"wp","href":"https:\/\/api.w.org\/{rel}","templated":true}]}}