{"id":3036,"date":"2024-04-09T05:01:06","date_gmt":"2024-04-09T05:01:06","guid":{"rendered":"https:\/\/modafinilminds.com\/conditions-dutilisation\/"},"modified":"2025-01-01T15:48:00","modified_gmt":"2025-01-01T15:48:00","slug":"conditions-dutilisation","status":"publish","type":"page","link":"https:\/\/modafinilminds.com\/fr\/conditions-dutilisation\/","title":{"rendered":"Conditions d&rsquo;utilisation"},"content":{"rendered":"&#13;\n<p class=\"wp-block-paragraph\"><b>Derni\u00e8re mise \u00e0 jour : <\/b><span style=\"font-weight: 400;\"> 3 octobre 2023<\/span><\/p>&#13;\n<p>\u00a0<\/p>&#13;\n<h2><b>1. Acceptation des conditions<\/b><\/h2>&#13;\n&#13;\n<p class=\"wp-block-paragraph\">\u00a0<\/p>&#13;\n<p><span style=\"font-weight: 400;\">Bienvenue sur <strong>Modafinil Minds<\/strong>. Les pr\u00e9sentes conditions de service (\u00ab\u00a0conditions\u00a0\u00bb) r\u00e9gissent votre utilisation de notre site web situ\u00e9 \u00e0 l&rsquo;adresse suivante <a href=\"https:\/\/modafinilminds.com\/fr\/\"><strong>modafinilminds.com<\/strong><\/a> (le \u00ab\u00a0Site\u00a0\u00bb) exploit\u00e9 par Modafinil Minds (\u00ab\u00a0nous\u00a0\u00bb, \u00ab\u00a0notre\u00a0\u00bb, \u00ab\u00a0nos\u00a0\u00bb). En acc\u00e9dant au site et en l&rsquo;utilisant, vous acceptez de vous conformer aux pr\u00e9sentes conditions et d&rsquo;\u00eatre li\u00e9 par elles. Si vous n&rsquo;acceptez pas ces conditions, veuillez ne pas utiliser le site.   <\/span><\/p>&#13;\n<p>\u00a0<\/p>&#13;\n&#13;\n<h3 class=\"wp-block-heading\"><b>2. Utiliser la licence<\/b><\/h3>&#13;\n<p>\u00a0<\/p>&#13;\n&#13;\n<p class=\"wp-block-paragraph\"><span style=\"font-weight: 400;\">L&rsquo;autorisation est accord\u00e9e de t\u00e9l\u00e9charger temporairement une copie des documents (informations ou logiciels) sur le site Web de Modafinil Minds pour une visualisation transitoire personnelle et non commerciale uniquement.  <\/span><\/p>&#13;\n<p>\u00a0<\/p>&#13;\n<p><span style=\"font-weight: 400;\">Il s&rsquo;agit de l&rsquo;octroi d&rsquo;une licence et non d&rsquo;un transfert de titre, et en vertu de cette licence, vous ne pouvez pas :<\/span><\/p>&#13;\n<p>\u00a0<\/p>&#13;\n&#13;\n<ul>&#13;\n<li style=\"font-weight: 400;\" aria-level=\"1\"><span style=\"font-weight: 400;\">modify or copy the materials;<\/span><\/li>&#13;\n<\/ul>&#13;\n<p class=\"wp-block-paragraph\">\u00a0<\/p>&#13;\n<ul>&#13;\n<li style=\"font-weight: 400;\" aria-level=\"1\"><span style=\"font-weight: 400;\">use the materials for any commercial purpose, or for any public display (commercial or non-commercial);<\/span><\/li>&#13;\n<\/ul>&#13;\n<p>\u00a0<\/p>&#13;\n<ul>&#13;\n<li style=\"font-weight: 400;\" aria-level=\"1\"><span style=\"font-weight: 400;\">attempt to decompile or reverse engineer any software contained on <strong>Modafinil Minds<\/strong>&lsquo; website;<\/span><\/li>&#13;\n<\/ul>&#13;\n<p>\u00a0<\/p>&#13;\n<ul>&#13;\n<li style=\"font-weight: 400;\" aria-level=\"1\"><span style=\"font-weight: 400;\">remove any copyright or other proprietary notations from the materials; or<\/span><\/li>&#13;\n<\/ul>&#13;\n<p>\u00a0<\/p>&#13;\n<ul>&#13;\n<li style=\"font-weight: 400;\" aria-level=\"1\"><span style=\"font-weight: 400;\">transfer the materials to another person or \u00ab\u00a0mirror\u00a0\u00bb the materials on any other server.<\/span><\/li>&#13;\n<\/ul>&#13;\n<p>\u00a0<\/p>&#13;\n<p><span style=\"font-weight: 400;\">Cette licence sera automatiquement r\u00e9sili\u00e9e si vous violez l&rsquo;une de ces restrictions et peut \u00eatre r\u00e9sili\u00e9e par Modafinil Minds \u00e0 tout moment. Lorsque vous cessez de consulter ces documents ou que cette licence prend fin, vous devez d\u00e9truire tous les documents t\u00e9l\u00e9charg\u00e9s en votre possession, qu&rsquo;ils soient sous forme \u00e9lectronique ou imprim\u00e9e. <\/span><\/p>&#13;\n<ul><\/ul><\/ul>\n<p>&nbsp;<\/p>\n<p><!-- \/wp:post-content --><\/p>\n<p><!-- wp:heading {\"level\":3} --><\/p>\n<h3 class=\"wp-block-heading\"><b>3. Clause de non-responsabilit\u00e9<\/b><\/h3>\n<p>&nbsp;<\/p>\n<p><!-- \/wp:heading --><\/p>\n<p><!-- wp:paragraph --><\/p>\n<p><span style=\"font-weight: 400;\">Les documents figurant sur le site Web de <strong>Modafinil Minds<\/strong> sont fournis \u00a0\u00bb en l&rsquo;\u00e9tat \u00ab\u00a0.<\/span><\/p>\n<p>&nbsp;<\/p>\n<p><span style=\"font-weight: 400;\">  Modafinil Minds ne donne aucune garantie, expresse ou implicite, et rejette par la pr\u00e9sente toutes les autres garanties, y compris, sans limitation, les garanties ou conditions implicites de qualit\u00e9 marchande, d&rsquo;ad\u00e9quation \u00e0 un usage particulier, ou de non-violation de la propri\u00e9t\u00e9 intellectuelle ou d&rsquo;autres violations des droits.  <\/span><\/p>\n<p>&nbsp;<\/p>\n<p><span style=\"font-weight: 400;\">En outre, Modafinil Minds ne garantit pas et ne fait aucune d\u00e9claration concernant l&rsquo;exactitude, les r\u00e9sultats probables ou la fiabilit\u00e9 de l&rsquo;utilisation des documents sur son site Web ou de tout autre document li\u00e9 \u00e0 ces documents ou \u00e0 tout autre site li\u00e9 \u00e0 ce site.<\/span><\/p>\n<p><!-- \/wp:paragraph --><\/p>\n<p><!-- wp:paragraph --><\/p>\n<p>&nbsp;<\/p>\n<p>&nbsp;<\/p>\n<p><!-- \/wp:paragraph --><\/p>\n<p><!-- wp:heading {\"level\":3} --><\/p>\n<h3 class=\"wp-block-heading\"><b>4. Limites d&rsquo;utilisation<\/b><\/h3>\n<p>&nbsp;<\/p>\n<p><!-- \/wp:heading --><\/p>\n<p><!-- wp:paragraph --><\/p>\n<p><span style=\"font-weight: 400;\">En aucun cas Modafinil Minds ou ses fournisseurs ne pourront \u00eatre tenus responsables de tout dommage (y compris, mais sans s&rsquo;y limiter, les dommages li\u00e9s \u00e0 la perte de donn\u00e9es ou de b\u00e9n\u00e9fices, ou \u00e0 l&rsquo;interruption d&rsquo;activit\u00e9) r\u00e9sultant de l&rsquo;utilisation ou de l&rsquo;impossibilit\u00e9 d&rsquo;utiliser les documents du site Web de Modafinil Minds, m\u00eame si Modafinil Minds ou un repr\u00e9sentant autoris\u00e9 de Modafinil Minds a \u00e9t\u00e9 inform\u00e9 oralement ou par \u00e9crit de la possibilit\u00e9 d&rsquo;un tel dommage.<\/span><\/p>\n<p>&nbsp;<\/p>\n<p><!-- \/wp:paragraph --><\/p>\n<p><!-- wp:heading {\"level\":3} --><\/p>\n<h3 class=\"wp-block-heading\"><b>5. Pr\u00e9cision des mat\u00e9riaux<\/b><\/h3>\n<p>&nbsp;<\/p>\n<p><!-- \/wp:heading --><\/p>\n<p><!-- wp:paragraph --><\/p>\n<p><span style=\"font-weight: 400;\">Les documents figurant sur le site Web de Modafinil Minds peuvent contenir des erreurs techniques, typographiques ou photographiques. Modafinil Minds ne garantit pas l&rsquo;exactitude, l&rsquo;exhaustivit\u00e9 ou l&rsquo;actualit\u00e9 des documents figurant sur son site Web. <\/span><\/p>\n<p>&nbsp;<\/p>\n<p><span style=\"font-weight: 400;\">  Modafinil Minds peut apporter des modifications au contenu de son site Internet \u00e0 tout moment et sans pr\u00e9avis. Cependant, Modafinil Minds ne s&rsquo;engage pas \u00e0 mettre \u00e0 jour ces documents. <\/span><\/p>\n<p>&nbsp;<\/p>\n<p><!-- \/wp:paragraph --><\/p>\n<p><!-- wp:heading {\"level\":3} --><\/p>\n<h3 class=\"wp-block-heading\"><b>6. Liens<\/b><\/h3>\n<p>&nbsp;<\/p>\n<p><!-- \/wp:heading --><\/p>\n<p><!-- wp:paragraph --><\/p>\n<p><span style=\"font-weight: 400;\">Modafinil Minds n&rsquo;a pas examin\u00e9 tous les sites li\u00e9s \u00e0 son site Web et n&rsquo;est pas responsable du contenu de ces sites.  <\/span><\/p>\n<p>&nbsp;<\/p>\n<p><span style=\"font-weight: 400;\">L&rsquo;inclusion d&rsquo;un lien n&rsquo;implique pas l&rsquo;approbation du site par Modafinil Minds. L&rsquo;utilisation d&rsquo;un tel site est aux risques et p\u00e9rils de l&rsquo;utilisateur. <\/span><\/p>\n<p>&nbsp;<\/p>\n<p><!-- \/wp:paragraph --><\/p>\n<p><!-- wp:heading {\"level\":3} --><\/p>\n<h3 class=\"wp-block-heading\"><b>7. Modifications<\/b><\/h3>\n<p>&nbsp;<\/p>\n<p><span style=\"font-weight: 400;\">Modafinil Minds peut r\u00e9viser ces conditions de service pour son site Web \u00e0 tout moment sans pr\u00e9avis. En utilisant ce site web, vous acceptez d&rsquo;\u00eatre li\u00e9 par la version la plus r\u00e9cente de ces conditions d&rsquo;utilisation. <\/span><\/p>\n<p>&nbsp;<\/p>\n<p><!-- \/wp:heading --><\/p>\n<p><!-- wp:heading {\"level\":3} --><\/p>\n<h3 class=\"wp-block-heading\"><b>8. Droit applicable<\/b><\/h3>\n<p>&nbsp;<\/p>\n<p><!-- \/wp:heading --><\/p>\n<p><!-- wp:paragraph --><\/p>\n<p><span style=\"font-weight: 400;\">Les pr\u00e9sentes conditions sont r\u00e9gies et interpr\u00e9t\u00e9es conform\u00e9ment aux lois de l&rsquo;\u00c9tat de Californie, \u00c9tats-Unis d&rsquo;Am\u00e9rique, et vous vous soumettez irr\u00e9vocablement \u00e0 la comp\u00e9tence exclusive des tribunaux de cet \u00c9tat.<\/span><\/p>\n<p>&nbsp;<\/p>\n<p><!-- \/wp:paragraph --><\/p>\n<p><!-- wp:heading {\"level\":3} --><\/p>\n<h3 class=\"wp-block-heading\"><b>Contactez nous<\/b><\/h3>\n<h3> <\/h3>\n<p class=\"wp-block-heading\"><span style=\"font-weight: 400;\">Si vous avez des questions concernant les pr\u00e9sentes conditions, veuillez nous contacter \u00e0 l&rsquo;adresse suivante <a href=\"mailto:hello@modafinilminds.com\">: hello@modafinilminds.com<\/a><\/span><\/p>\n<p><!-- \/wp:heading --><\/p>\n<p><!-- wp:paragraph --><\/p>\n<p>&nbsp;<\/p>\n<p><!-- \/wp:paragraph --><\/p>\n","protected":false},"excerpt":{"rendered":"<p>&#13; Derni\u00e8re mise \u00e0 jour : 3 octobre 2023 &#13; \u00a0 &#13; 1. Acceptation des conditions &#13; &#13; \u00a0 &#13; Bienvenue sur Modafinil Minds. Les pr\u00e9sentes conditions de service (\u00ab\u00a0conditions\u00a0\u00bb) r\u00e9gissent votre utilisation de notre site web situ\u00e9 \u00e0 l&rsquo;adresse suivante modafinilminds.com (le \u00ab\u00a0Site\u00a0\u00bb) exploit\u00e9 par Modafinil Minds (\u00ab\u00a0nous\u00a0\u00bb, \u00ab\u00a0notre\u00a0\u00bb, \u00ab\u00a0nos\u00a0\u00bb). En acc\u00e9dant au site [&hellip;]<\/p>\n","protected":false},"author":5,"featured_media":0,"parent":0,"menu_order":0,"comment_status":"closed","ping_status":"closed","template":"","meta":{"_acf_changed":false,"_crdt_document":"","footnotes":""},"class_list":["post-3036","page","type-page","status-publish","hentry"],"featured_image_src":null,"acf":[],"yoast_head":"<!-- This site is optimized with the Yoast SEO plugin v27.3 - https:\/\/yoast.com\/product\/yoast-seo-wordpress\/ -->\n<title>Conditions d&#039;utilisation - Modafinilminds<\/title>\n<meta name=\"robots\" content=\"index, follow, max-snippet:-1, max-image-preview:large, max-video-preview:-1\" \/>\n<link rel=\"canonical\" href=\"https:\/\/modafinilminds.com\/terms-of-service\/\" \/>\n<meta property=\"og:locale\" content=\"fr_FR\" \/>\n<meta property=\"og:type\" content=\"article\" \/>\n<meta property=\"og:title\" content=\"Conditions d&#039;utilisation - Modafinilminds\" \/>\n<meta property=\"og:description\" content=\"&#013; Derni\u00e8re mise \u00e0 jour : 3 octobre 2023 &#013; \u00a0 &#013; 1. Acceptation des conditions &#013; &#013; \u00a0 &#013; Bienvenue sur Modafinil Minds. Les pr\u00e9sentes conditions de service (\u00ab\u00a0conditions\u00a0\u00bb) r\u00e9gissent votre utilisation de notre site web situ\u00e9 \u00e0 l&rsquo;adresse suivante modafinilminds.com (le \u00ab\u00a0Site\u00a0\u00bb) exploit\u00e9 par Modafinil Minds (\u00ab\u00a0nous\u00a0\u00bb, \u00ab\u00a0notre\u00a0\u00bb, \u00ab\u00a0nos\u00a0\u00bb). En acc\u00e9dant au site [&hellip;]\" \/>\n<meta property=\"og:url\" content=\"https:\/\/modafinilminds.com\/terms-of-service\/\" \/>\n<meta property=\"og:site_name\" content=\"Modafinilminds\" \/>\n<meta property=\"article:modified_time\" content=\"2025-01-01T15:48:00+00:00\" \/>\n<meta name=\"twitter:card\" content=\"summary_large_image\" \/>\n<meta name=\"twitter:label1\" content=\"Dur\u00e9e de lecture estim\u00e9e\" \/>\n\t<meta name=\"twitter:data1\" content=\"3 minutes\" \/>\n<script type=\"application\/ld+json\" class=\"yoast-schema-graph\">{\"@context\":\"https:\\\/\\\/schema.org\",\"@graph\":[{\"@type\":\"WebPage\",\"@id\":\"https:\\\/\\\/modafinilminds.com\\\/terms-of-service\\\/\",\"url\":\"https:\\\/\\\/modafinilminds.com\\\/terms-of-service\\\/\",\"name\":\"Conditions d'utilisation - Modafinilminds\",\"isPartOf\":{\"@id\":\"https:\\\/\\\/modafinilminds.com\\\/#website\"},\"datePublished\":\"2024-04-09T05:01:06+00:00\",\"dateModified\":\"2025-01-01T15:48:00+00:00\",\"breadcrumb\":{\"@id\":\"https:\\\/\\\/modafinilminds.com\\\/terms-of-service\\\/#breadcrumb\"},\"inLanguage\":\"fr-FR\",\"potentialAction\":[{\"@type\":\"ReadAction\",\"target\":[\"https:\\\/\\\/modafinilminds.com\\\/terms-of-service\\\/\"]}]},{\"@type\":\"BreadcrumbList\",\"@id\":\"https:\\\/\\\/modafinilminds.com\\\/terms-of-service\\\/#breadcrumb\",\"itemListElement\":[{\"@type\":\"ListItem\",\"position\":1,\"name\":\"Home\",\"item\":\"https:\\\/\\\/modafinilminds.com\\\/fr\\\/\"},{\"@type\":\"ListItem\",\"position\":2,\"name\":\"Conditions d&#8217;utilisation\"}]},{\"@type\":\"WebSite\",\"@id\":\"https:\\\/\\\/modafinilminds.com\\\/#website\",\"url\":\"https:\\\/\\\/modafinilminds.com\\\/\",\"name\":\"Modafinilminds\",\"description\":\"Modafinilminds\",\"publisher\":{\"@id\":\"https:\\\/\\\/modafinilminds.com\\\/#organization\"},\"potentialAction\":[{\"@type\":\"SearchAction\",\"target\":{\"@type\":\"EntryPoint\",\"urlTemplate\":\"https:\\\/\\\/modafinilminds.com\\\/?s={search_term_string}\"},\"query-input\":{\"@type\":\"PropertyValueSpecification\",\"valueRequired\":true,\"valueName\":\"search_term_string\"}}],\"inLanguage\":\"fr-FR\"},{\"@type\":\"Organization\",\"@id\":\"https:\\\/\\\/modafinilminds.com\\\/#organization\",\"name\":\"Modafinilminds\",\"url\":\"https:\\\/\\\/modafinilminds.com\\\/\",\"logo\":{\"@type\":\"ImageObject\",\"inLanguage\":\"fr-FR\",\"@id\":\"https:\\\/\\\/modafinilminds.com\\\/#\\\/schema\\\/logo\\\/image\\\/\",\"url\":\"https:\\\/\\\/modafinilminds.com\\\/wp-content\\\/uploads\\\/2024\\\/04\\\/Group-5.png\",\"contentUrl\":\"https:\\\/\\\/modafinilminds.com\\\/wp-content\\\/uploads\\\/2024\\\/04\\\/Group-5.png\",\"width\":264,\"height\":108,\"caption\":\"Modafinilminds\"},\"image\":{\"@id\":\"https:\\\/\\\/modafinilminds.com\\\/#\\\/schema\\\/logo\\\/image\\\/\"}}]}<\/script>\n<!-- \/ Yoast SEO plugin. -->","yoast_head_json":{"title":"Conditions d'utilisation - Modafinilminds","robots":{"index":"index","follow":"follow","max-snippet":"max-snippet:-1","max-image-preview":"max-image-preview:large","max-video-preview":"max-video-preview:-1"},"canonical":"https:\/\/modafinilminds.com\/terms-of-service\/","og_locale":"fr_FR","og_type":"article","og_title":"Conditions d'utilisation - Modafinilminds","og_description":"&#13; Derni\u00e8re mise \u00e0 jour : 3 octobre 2023 &#13; \u00a0 &#13; 1. Acceptation des conditions &#13; &#13; \u00a0 &#13; Bienvenue sur Modafinil Minds. Les pr\u00e9sentes conditions de service (\u00ab\u00a0conditions\u00a0\u00bb) r\u00e9gissent votre utilisation de notre site web situ\u00e9 \u00e0 l&rsquo;adresse suivante modafinilminds.com (le \u00ab\u00a0Site\u00a0\u00bb) exploit\u00e9 par Modafinil Minds (\u00ab\u00a0nous\u00a0\u00bb, \u00ab\u00a0notre\u00a0\u00bb, \u00ab\u00a0nos\u00a0\u00bb). En acc\u00e9dant au site [&hellip;]","og_url":"https:\/\/modafinilminds.com\/terms-of-service\/","og_site_name":"Modafinilminds","article_modified_time":"2025-01-01T15:48:00+00:00","twitter_card":"summary_large_image","twitter_misc":{"Dur\u00e9e de lecture estim\u00e9e":"3 minutes"},"schema":{"@context":"https:\/\/schema.org","@graph":[{"@type":"WebPage","@id":"https:\/\/modafinilminds.com\/terms-of-service\/","url":"https:\/\/modafinilminds.com\/terms-of-service\/","name":"Conditions d'utilisation - Modafinilminds","isPartOf":{"@id":"https:\/\/modafinilminds.com\/#website"},"datePublished":"2024-04-09T05:01:06+00:00","dateModified":"2025-01-01T15:48:00+00:00","breadcrumb":{"@id":"https:\/\/modafinilminds.com\/terms-of-service\/#breadcrumb"},"inLanguage":"fr-FR","potentialAction":[{"@type":"ReadAction","target":["https:\/\/modafinilminds.com\/terms-of-service\/"]}]},{"@type":"BreadcrumbList","@id":"https:\/\/modafinilminds.com\/terms-of-service\/#breadcrumb","itemListElement":[{"@type":"ListItem","position":1,"name":"Home","item":"https:\/\/modafinilminds.com\/fr\/"},{"@type":"ListItem","position":2,"name":"Conditions d&#8217;utilisation"}]},{"@type":"WebSite","@id":"https:\/\/modafinilminds.com\/#website","url":"https:\/\/modafinilminds.com\/","name":"Modafinilminds","description":"Modafinilminds","publisher":{"@id":"https:\/\/modafinilminds.com\/#organization"},"potentialAction":[{"@type":"SearchAction","target":{"@type":"EntryPoint","urlTemplate":"https:\/\/modafinilminds.com\/?s={search_term_string}"},"query-input":{"@type":"PropertyValueSpecification","valueRequired":true,"valueName":"search_term_string"}}],"inLanguage":"fr-FR"},{"@type":"Organization","@id":"https:\/\/modafinilminds.com\/#organization","name":"Modafinilminds","url":"https:\/\/modafinilminds.com\/","logo":{"@type":"ImageObject","inLanguage":"fr-FR","@id":"https:\/\/modafinilminds.com\/#\/schema\/logo\/image\/","url":"https:\/\/modafinilminds.com\/wp-content\/uploads\/2024\/04\/Group-5.png","contentUrl":"https:\/\/modafinilminds.com\/wp-content\/uploads\/2024\/04\/Group-5.png","width":264,"height":108,"caption":"Modafinilminds"},"image":{"@id":"https:\/\/modafinilminds.com\/#\/schema\/logo\/image\/"}}]}},"_links":{"self":[{"href":"https:\/\/modafinilminds.com\/fr\/wp-json\/wp\/v2\/pages\/3036","targetHints":{"allow":["GET"]}}],"collection":[{"href":"https:\/\/modafinilminds.com\/fr\/wp-json\/wp\/v2\/pages"}],"about":[{"href":"https:\/\/modafinilminds.com\/fr\/wp-json\/wp\/v2\/types\/page"}],"author":[{"embeddable":true,"href":"https:\/\/modafinilminds.com\/fr\/wp-json\/wp\/v2\/users\/5"}],"replies":[{"embeddable":true,"href":"https:\/\/modafinilminds.com\/fr\/wp-json\/wp\/v2\/comments?post=3036"}],"version-history":[{"count":0,"href":"https:\/\/modafinilminds.com\/fr\/wp-json\/wp\/v2\/pages\/3036\/revisions"}],"wp:attachment":[{"href":"https:\/\/modafinilminds.com\/fr\/wp-json\/wp\/v2\/media?parent=3036"}],"curies":[{"name":"wp","href":"https:\/\/api.w.org\/{rel}","templated":true}]}}