{"id":3038,"date":"2024-04-09T05:01:06","date_gmt":"2024-04-09T05:01:06","guid":{"rendered":"https:\/\/modafinilminds.com\/condiciones-del-servicio\/"},"modified":"2025-01-01T15:48:29","modified_gmt":"2025-01-01T15:48:29","slug":"condiciones-del-servicio","status":"publish","type":"page","link":"https:\/\/modafinilminds.com\/es\/condiciones-del-servicio\/","title":{"rendered":"Condiciones del servicio"},"content":{"rendered":"&#13;\n<p class=\"wp-block-paragraph\"><b>\u00daltima actualizaci\u00f3n: <\/b><span style=\"font-weight: 400;\"> 3 de octubre de 2023<\/span><\/p>&#13;\n<p>\u00a0<\/p>&#13;\n<h2><b>1. Aceptaci\u00f3n de las condiciones<\/b><\/h2>&#13;\n&#13;\n<p class=\"wp-block-paragraph\">\u00a0<\/p>&#13;\n<p><span style=\"font-weight: 400;\">Bienvenido a <strong>Modafinil Minds<\/strong>.\nEstas Condiciones de servicio (\u00abCondiciones\u00bb) rigen el uso de nuestro sitio web ubicado en <a href=\"https:\/\/modafinilminds.com\/es\/\"><strong>modafinilminds.com<\/strong><\/a> (el \u00abSitio\u00bb) operado por Modafinil Minds (\u00abnosotros\u00bb, \u00abnuestro\u00bb, \u00abnos\u00bb).\nAl acceder y utilizar el Sitio, aceptas cumplir y quedar vinculado por estas Condiciones.\nSi no aceptas estas Condiciones, no utilices el Sitio.   <\/span><\/p>&#13;\n<p>\u00a0<\/p>&#13;\n&#13;\n<h3 class=\"wp-block-heading\"><b>2. Licencia de uso<\/b><\/h3>&#13;\n<p>\u00a0<\/p>&#13;\n&#13;\n<p class=\"wp-block-paragraph\"><span style=\"font-weight: 400;\">Se concede permiso para descargar temporalmente una copia de los materiales (informaci\u00f3n o software) del sitio web de Modafinil Minds s\u00f3lo para su visualizaci\u00f3n transitoria personal y no comercial.  <\/span><\/p>&#13;\n<p>\u00a0<\/p>&#13;\n<p><span style=\"font-weight: 400;\">Se trata de la concesi\u00f3n de una licencia, no de una transferencia de titularidad, y en virtud de esta licencia, no puedes:<\/span><\/p>&#13;\n<p>\u00a0<\/p>&#13;\n&#13;\n<ul>&#13;\n<li style=\"font-weight: 400;\" aria-level=\"1\"><span style=\"font-weight: 400;\">modify or copy the materials;<\/span><\/li>&#13;\n<\/ul>&#13;\n<p class=\"wp-block-paragraph\">\u00a0<\/p>&#13;\n<ul>&#13;\n<li style=\"font-weight: 400;\" aria-level=\"1\"><span style=\"font-weight: 400;\">use the materials for any commercial purpose, or for any public display (commercial or non-commercial);<\/span><\/li>&#13;\n<\/ul>&#13;\n<p>\u00a0<\/p>&#13;\n<ul>&#13;\n<li style=\"font-weight: 400;\" aria-level=\"1\"><span style=\"font-weight: 400;\">attempt to decompile or reverse engineer any software contained on <strong>Modafinil Minds<\/strong>&#8216; website;<\/span><\/li>&#13;\n<\/ul>&#13;\n<p>\u00a0<\/p>&#13;\n<ul>&#13;\n<li style=\"font-weight: 400;\" aria-level=\"1\"><span style=\"font-weight: 400;\">remove any copyright or other proprietary notations from the materials; or<\/span><\/li>&#13;\n<\/ul>&#13;\n<p>\u00a0<\/p>&#13;\n<ul>&#13;\n<li style=\"font-weight: 400;\" aria-level=\"1\"><span style=\"font-weight: 400;\">transfer the materials to another person or \u00abmirror\u00bb the materials on any other server.<\/span><\/li>&#13;\n<\/ul>&#13;\n<p>\u00a0<\/p>&#13;\n<p><span style=\"font-weight: 400;\">Esta licencia terminar\u00e1 autom\u00e1ticamente si violas cualquiera de estas restricciones y puede ser terminada por Modafinil Minds en cualquier momento.\nCuando dejes de ver estos materiales o cuando finalice esta licencia, deber\u00e1s destruir cualquier material descargado que est\u00e9 en tu posesi\u00f3n, ya sea en formato electr\u00f3nico o impreso. <\/span><\/p>&#13;\n<ul><\/ul><\/ul>\n<p>&nbsp;<\/p>\n<p><!-- \/wp:post-content --><\/p>\n<p><!-- wp:heading {\"level\":3} --><\/p>\n<h3 class=\"wp-block-heading\"><b>3. Descargo de responsabilidad<\/b><\/h3>\n<p>&nbsp;<\/p>\n<p><!-- \/wp:heading --><\/p>\n<p><!-- wp:paragraph --><\/p>\n<p><span style=\"font-weight: 400;\">Los materiales del sitio web de <strong>Modafinil Minds<\/strong> se proporcionan \u00abtal cual\u00bb.<\/span><\/p>\n<p>&nbsp;<\/p>\n<p><span style=\"font-weight: 400;\">  Modafinil Minds no ofrece garant\u00edas, expresas o impl\u00edcitas, y por la presente renuncia y niega cualquier otra garant\u00eda, incluidas, sin limitaci\u00f3n, las garant\u00edas o condiciones impl\u00edcitas de comerciabilidad, adecuaci\u00f3n para un fin determinado o no infracci\u00f3n de la propiedad intelectual u otra violaci\u00f3n de los derechos.  <\/span><\/p>\n<p>&nbsp;<\/p>\n<p><span style=\"font-weight: 400;\">Adem\u00e1s, Modafinil Minds no garantiza ni hace ninguna declaraci\u00f3n relativa a la exactitud, los resultados probables o la fiabilidad del uso de los materiales en su sitio web o de otro tipo relativa a dichos materiales o en cualquier sitio vinculado a este sitio.<\/span><\/p>\n<p><!-- \/wp:paragraph --><\/p>\n<p><!-- wp:paragraph --><\/p>\n<p>&nbsp;<\/p>\n<p>&nbsp;<\/p>\n<p><!-- \/wp:paragraph --><\/p>\n<p><!-- wp:heading {\"level\":3} --><\/p>\n<h3 class=\"wp-block-heading\"><b>4. Limitaciones<\/b><\/h3>\n<p>&nbsp;<\/p>\n<p><!-- \/wp:heading --><\/p>\n<p><!-- wp:paragraph --><\/p>\n<p><span style=\"font-weight: 400;\">En ning\u00fan caso Modafinil Minds o sus proveedores ser\u00e1n responsables de ning\u00fan da\u00f1o (incluyendo, sin limitaci\u00f3n, da\u00f1os por p\u00e9rdida de datos o beneficios, o debidos a la interrupci\u00f3n del negocio) que surja del uso o la incapacidad de usar los materiales del sitio web de Modafinil Minds, incluso si Modafinil Minds o un representante autorizado de Modafinil Minds ha sido notificado oralmente o por escrito de la posibilidad de tales da\u00f1os.<\/span><\/p>\n<p>&nbsp;<\/p>\n<p><!-- \/wp:paragraph --><\/p>\n<p><!-- wp:heading {\"level\":3} --><\/p>\n<h3 class=\"wp-block-heading\"><b>5. Precisi\u00f3n de los materiales<\/b><\/h3>\n<p>&nbsp;<\/p>\n<p><!-- \/wp:heading --><\/p>\n<p><!-- wp:paragraph --><\/p>\n<p><span style=\"font-weight: 400;\">Los materiales que aparecen en el sitio web de Modafinil Minds podr\u00edan incluir errores t\u00e9cnicos, tipogr\u00e1ficos o fotogr\u00e1ficos.<br \/>\nModafinil Minds no garantiza que ninguno de los materiales de su sitio web sea preciso, completo o actual. <\/span><\/p>\n<p>&nbsp;<\/p>\n<p><span style=\"font-weight: 400;\">  Modafinil Minds puede realizar cambios en los materiales contenidos en su sitio web en cualquier momento y sin previo aviso.<br \/>\nSin embargo, Modafinil Minds no se compromete a actualizar los materiales. <\/span><\/p>\n<p>&nbsp;<\/p>\n<p><!-- \/wp:paragraph --><\/p>\n<p><!-- wp:heading {\"level\":3} --><\/p>\n<h3 class=\"wp-block-heading\"><b>6. Enlaces<\/b><\/h3>\n<p>&nbsp;<\/p>\n<p><!-- \/wp:heading --><\/p>\n<p><!-- wp:paragraph --><\/p>\n<p><span style=\"font-weight: 400;\">Modafinil Minds no ha revisado todos los sitios vinculados a su sitio web y no es responsable de los contenidos de dichos sitios vinculados.  <\/span><\/p>\n<p>&nbsp;<\/p>\n<p><span style=\"font-weight: 400;\">La inclusi\u00f3n de cualquier enlace no implica la aprobaci\u00f3n del sitio por parte de Modafinil Minds.<br \/>\nEl uso de cualquiera de estos sitios web enlazados es por cuenta y riesgo del usuario. <\/span><\/p>\n<p>&nbsp;<\/p>\n<p><!-- \/wp:paragraph --><\/p>\n<p><!-- wp:heading {\"level\":3} --><\/p>\n<h3 class=\"wp-block-heading\"><b>7. Modificaciones<\/b><\/h3>\n<p>&nbsp;<\/p>\n<p><span style=\"font-weight: 400;\">Modafinil Minds puede revisar estas condiciones de servicio de su sitio web en cualquier momento y sin previo aviso.<br \/>\nAl utilizar este sitio web, aceptas regirte por la versi\u00f3n vigente de estas condiciones de servicio. <\/span><\/p>\n<p>&nbsp;<\/p>\n<p><!-- \/wp:heading --><\/p>\n<p><!-- wp:heading {\"level\":3} --><\/p>\n<h3 class=\"wp-block-heading\"><b>8. Ley aplicable<\/b><\/h3>\n<p>&nbsp;<\/p>\n<p><!-- \/wp:heading --><\/p>\n<p><!-- wp:paragraph --><\/p>\n<p><span style=\"font-weight: 400;\">Estos t\u00e9rminos y condiciones se rigen e interpretan de acuerdo con las leyes del Estado de California, Estados Unidos de Am\u00e9rica, y te sometes irrevocablemente a la jurisdicci\u00f3n exclusiva de los tribunales de dicho Estado.<\/span><\/p>\n<p>&nbsp;<\/p>\n<p><!-- \/wp:paragraph --><\/p>\n<p><!-- wp:heading {\"level\":3} --><\/p>\n<h3 class=\"wp-block-heading\"><b>Contacta con nosotros<\/b><\/h3>\n<h3> <\/h3>\n<p class=\"wp-block-heading\"><span style=\"font-weight: 400;\">Si tienes alguna pregunta sobre estas Condiciones, ponte en contacto con nosotros en <a href=\"mailto:hello@modafinilminds.com\">hello@modafinilminds.com.<\/a><\/span><\/p>\n<p><!-- \/wp:heading --><\/p>\n<p><!-- wp:paragraph --><\/p>\n<p>&nbsp;<\/p>\n<p><!-- \/wp:paragraph --><\/p>\n","protected":false},"excerpt":{"rendered":"<p>&#13; \u00daltima actualizaci\u00f3n: 3 de octubre de 2023 &#13; \u00a0 &#13; 1. Aceptaci\u00f3n de las condiciones &#13; &#13; \u00a0 &#13; Bienvenido a Modafinil Minds. Estas Condiciones de servicio (\u00abCondiciones\u00bb) rigen el uso de nuestro sitio web ubicado en modafinilminds.com (el \u00abSitio\u00bb) operado por Modafinil Minds (\u00abnosotros\u00bb, \u00abnuestro\u00bb, \u00abnos\u00bb). Al acceder y utilizar el Sitio, aceptas [&hellip;]<\/p>\n","protected":false},"author":5,"featured_media":0,"parent":0,"menu_order":0,"comment_status":"closed","ping_status":"closed","template":"","meta":{"_acf_changed":false,"_crdt_document":"","footnotes":""},"class_list":["post-3038","page","type-page","status-publish","hentry"],"featured_image_src":null,"acf":[],"yoast_head":"<!-- This site is optimized with the Yoast SEO plugin v27.3 - https:\/\/yoast.com\/product\/yoast-seo-wordpress\/ -->\n<title>Condiciones del servicio - Modafinilminds<\/title>\n<meta name=\"robots\" content=\"index, follow, max-snippet:-1, max-image-preview:large, max-video-preview:-1\" \/>\n<link rel=\"canonical\" href=\"https:\/\/modafinilminds.com\/terms-of-service\/\" \/>\n<meta property=\"og:locale\" content=\"es_ES\" \/>\n<meta property=\"og:type\" content=\"article\" \/>\n<meta property=\"og:title\" content=\"Condiciones del servicio - Modafinilminds\" \/>\n<meta property=\"og:description\" content=\"&#013; \u00daltima actualizaci\u00f3n: 3 de octubre de 2023 &#013; \u00a0 &#013; 1. Aceptaci\u00f3n de las condiciones &#013; &#013; \u00a0 &#013; Bienvenido a Modafinil Minds. Estas Condiciones de servicio (\u00abCondiciones\u00bb) rigen el uso de nuestro sitio web ubicado en modafinilminds.com (el \u00abSitio\u00bb) operado por Modafinil Minds (\u00abnosotros\u00bb, \u00abnuestro\u00bb, \u00abnos\u00bb). Al acceder y utilizar el Sitio, aceptas [&hellip;]\" \/>\n<meta property=\"og:url\" content=\"https:\/\/modafinilminds.com\/terms-of-service\/\" \/>\n<meta property=\"og:site_name\" content=\"Modafinilminds\" \/>\n<meta property=\"article:modified_time\" content=\"2025-01-01T15:48:29+00:00\" \/>\n<meta name=\"twitter:card\" content=\"summary_large_image\" \/>\n<meta name=\"twitter:label1\" content=\"Tiempo de lectura\" \/>\n\t<meta name=\"twitter:data1\" content=\"3 minutos\" \/>\n<script type=\"application\/ld+json\" class=\"yoast-schema-graph\">{\"@context\":\"https:\\\/\\\/schema.org\",\"@graph\":[{\"@type\":\"WebPage\",\"@id\":\"https:\\\/\\\/modafinilminds.com\\\/terms-of-service\\\/\",\"url\":\"https:\\\/\\\/modafinilminds.com\\\/terms-of-service\\\/\",\"name\":\"Condiciones del servicio - Modafinilminds\",\"isPartOf\":{\"@id\":\"https:\\\/\\\/modafinilminds.com\\\/#website\"},\"datePublished\":\"2024-04-09T05:01:06+00:00\",\"dateModified\":\"2025-01-01T15:48:29+00:00\",\"breadcrumb\":{\"@id\":\"https:\\\/\\\/modafinilminds.com\\\/terms-of-service\\\/#breadcrumb\"},\"inLanguage\":\"es\",\"potentialAction\":[{\"@type\":\"ReadAction\",\"target\":[\"https:\\\/\\\/modafinilminds.com\\\/terms-of-service\\\/\"]}]},{\"@type\":\"BreadcrumbList\",\"@id\":\"https:\\\/\\\/modafinilminds.com\\\/terms-of-service\\\/#breadcrumb\",\"itemListElement\":[{\"@type\":\"ListItem\",\"position\":1,\"name\":\"Home\",\"item\":\"https:\\\/\\\/modafinilminds.com\\\/es\\\/\"},{\"@type\":\"ListItem\",\"position\":2,\"name\":\"Condiciones del servicio\"}]},{\"@type\":\"WebSite\",\"@id\":\"https:\\\/\\\/modafinilminds.com\\\/#website\",\"url\":\"https:\\\/\\\/modafinilminds.com\\\/\",\"name\":\"Modafinilminds\",\"description\":\"Modafinilminds\",\"publisher\":{\"@id\":\"https:\\\/\\\/modafinilminds.com\\\/#organization\"},\"potentialAction\":[{\"@type\":\"SearchAction\",\"target\":{\"@type\":\"EntryPoint\",\"urlTemplate\":\"https:\\\/\\\/modafinilminds.com\\\/?s={search_term_string}\"},\"query-input\":{\"@type\":\"PropertyValueSpecification\",\"valueRequired\":true,\"valueName\":\"search_term_string\"}}],\"inLanguage\":\"es\"},{\"@type\":\"Organization\",\"@id\":\"https:\\\/\\\/modafinilminds.com\\\/#organization\",\"name\":\"Modafinilminds\",\"url\":\"https:\\\/\\\/modafinilminds.com\\\/\",\"logo\":{\"@type\":\"ImageObject\",\"inLanguage\":\"es\",\"@id\":\"https:\\\/\\\/modafinilminds.com\\\/#\\\/schema\\\/logo\\\/image\\\/\",\"url\":\"https:\\\/\\\/modafinilminds.com\\\/wp-content\\\/uploads\\\/2024\\\/04\\\/Group-5.png\",\"contentUrl\":\"https:\\\/\\\/modafinilminds.com\\\/wp-content\\\/uploads\\\/2024\\\/04\\\/Group-5.png\",\"width\":264,\"height\":108,\"caption\":\"Modafinilminds\"},\"image\":{\"@id\":\"https:\\\/\\\/modafinilminds.com\\\/#\\\/schema\\\/logo\\\/image\\\/\"}}]}<\/script>\n<!-- \/ Yoast SEO plugin. -->","yoast_head_json":{"title":"Condiciones del servicio - Modafinilminds","robots":{"index":"index","follow":"follow","max-snippet":"max-snippet:-1","max-image-preview":"max-image-preview:large","max-video-preview":"max-video-preview:-1"},"canonical":"https:\/\/modafinilminds.com\/terms-of-service\/","og_locale":"es_ES","og_type":"article","og_title":"Condiciones del servicio - Modafinilminds","og_description":"&#13; \u00daltima actualizaci\u00f3n: 3 de octubre de 2023 &#13; \u00a0 &#13; 1. Aceptaci\u00f3n de las condiciones &#13; &#13; \u00a0 &#13; Bienvenido a Modafinil Minds. Estas Condiciones de servicio (\u00abCondiciones\u00bb) rigen el uso de nuestro sitio web ubicado en modafinilminds.com (el \u00abSitio\u00bb) operado por Modafinil Minds (\u00abnosotros\u00bb, \u00abnuestro\u00bb, \u00abnos\u00bb). Al acceder y utilizar el Sitio, aceptas [&hellip;]","og_url":"https:\/\/modafinilminds.com\/terms-of-service\/","og_site_name":"Modafinilminds","article_modified_time":"2025-01-01T15:48:29+00:00","twitter_card":"summary_large_image","twitter_misc":{"Tiempo de lectura":"3 minutos"},"schema":{"@context":"https:\/\/schema.org","@graph":[{"@type":"WebPage","@id":"https:\/\/modafinilminds.com\/terms-of-service\/","url":"https:\/\/modafinilminds.com\/terms-of-service\/","name":"Condiciones del servicio - Modafinilminds","isPartOf":{"@id":"https:\/\/modafinilminds.com\/#website"},"datePublished":"2024-04-09T05:01:06+00:00","dateModified":"2025-01-01T15:48:29+00:00","breadcrumb":{"@id":"https:\/\/modafinilminds.com\/terms-of-service\/#breadcrumb"},"inLanguage":"es","potentialAction":[{"@type":"ReadAction","target":["https:\/\/modafinilminds.com\/terms-of-service\/"]}]},{"@type":"BreadcrumbList","@id":"https:\/\/modafinilminds.com\/terms-of-service\/#breadcrumb","itemListElement":[{"@type":"ListItem","position":1,"name":"Home","item":"https:\/\/modafinilminds.com\/es\/"},{"@type":"ListItem","position":2,"name":"Condiciones del servicio"}]},{"@type":"WebSite","@id":"https:\/\/modafinilminds.com\/#website","url":"https:\/\/modafinilminds.com\/","name":"Modafinilminds","description":"Modafinilminds","publisher":{"@id":"https:\/\/modafinilminds.com\/#organization"},"potentialAction":[{"@type":"SearchAction","target":{"@type":"EntryPoint","urlTemplate":"https:\/\/modafinilminds.com\/?s={search_term_string}"},"query-input":{"@type":"PropertyValueSpecification","valueRequired":true,"valueName":"search_term_string"}}],"inLanguage":"es"},{"@type":"Organization","@id":"https:\/\/modafinilminds.com\/#organization","name":"Modafinilminds","url":"https:\/\/modafinilminds.com\/","logo":{"@type":"ImageObject","inLanguage":"es","@id":"https:\/\/modafinilminds.com\/#\/schema\/logo\/image\/","url":"https:\/\/modafinilminds.com\/wp-content\/uploads\/2024\/04\/Group-5.png","contentUrl":"https:\/\/modafinilminds.com\/wp-content\/uploads\/2024\/04\/Group-5.png","width":264,"height":108,"caption":"Modafinilminds"},"image":{"@id":"https:\/\/modafinilminds.com\/#\/schema\/logo\/image\/"}}]}},"_links":{"self":[{"href":"https:\/\/modafinilminds.com\/es\/wp-json\/wp\/v2\/pages\/3038","targetHints":{"allow":["GET"]}}],"collection":[{"href":"https:\/\/modafinilminds.com\/es\/wp-json\/wp\/v2\/pages"}],"about":[{"href":"https:\/\/modafinilminds.com\/es\/wp-json\/wp\/v2\/types\/page"}],"author":[{"embeddable":true,"href":"https:\/\/modafinilminds.com\/es\/wp-json\/wp\/v2\/users\/5"}],"replies":[{"embeddable":true,"href":"https:\/\/modafinilminds.com\/es\/wp-json\/wp\/v2\/comments?post=3038"}],"version-history":[{"count":0,"href":"https:\/\/modafinilminds.com\/es\/wp-json\/wp\/v2\/pages\/3038\/revisions"}],"wp:attachment":[{"href":"https:\/\/modafinilminds.com\/es\/wp-json\/wp\/v2\/media?parent=3038"}],"curies":[{"name":"wp","href":"https:\/\/api.w.org\/{rel}","templated":true}]}}