{"id":1484,"date":"2024-04-09T05:01:06","date_gmt":"2024-04-09T05:01:06","guid":{"rendered":"https:\/\/modafinilminds.com\/allgemeine-geschaeftsbedingungen\/"},"modified":"2025-01-01T15:48:00","modified_gmt":"2025-01-01T15:48:00","slug":"allgemeine-geschaeftsbedingungen","status":"publish","type":"page","link":"https:\/\/modafinilminds.com\/de\/allgemeine-geschaeftsbedingungen\/","title":{"rendered":"Allgemeine Gesch\u00e4ftsbedingungen"},"content":{"rendered":"&#13;\n<p class=\"wp-block-paragraph\"><b>Zuletzt aktualisiert: <\/b><span style=\"font-weight: 400;\"> 3. Oktober 2023<\/span><\/p>&#13;\n<p>\u00a0<\/p>&#13;\n<h2><b>1. Akzeptanz der Bedingungen<\/b><\/h2>&#13;\n&#13;\n<p class=\"wp-block-paragraph\">\u00a0<\/p>&#13;\n<p><span style=\"font-weight: 400;\">Willkommen bei <strong>Modafinil Minds<\/strong>. Diese Allgemeinen Gesch\u00e4ftsbedingungen (&#8222;Bedingungen&#8220;) regeln Ihre Nutzung unserer Website unter der Adresse <a href=\"https:\/\/modafinilminds.com\/de\/\"><strong>modafinilminds.com<\/strong><\/a> (die &#8222;Website&#8220;), die von Modafinil Minds (&#8222;wir&#8220;, &#8222;unser&#8220;, &#8222;uns&#8220;) betrieben wird. Indem Sie auf die Website zugreifen und sie nutzen, erkl\u00e4ren Sie sich damit einverstanden, diese Bedingungen einzuhalten und an sie gebunden zu sein. Wenn Sie mit diesen Bedingungen nicht einverstanden sind, nutzen Sie die Website bitte nicht.   <\/span><\/p>&#13;\n<p>\u00a0<\/p>&#13;\n&#13;\n<h3 class=\"wp-block-heading\"><b>2. Lizenz verwenden<\/b><\/h3>&#13;\n<p>\u00a0<\/p>&#13;\n&#13;\n<p class=\"wp-block-paragraph\"><span style=\"font-weight: 400;\">Es wird die Erlaubnis erteilt, eine Kopie der Materialien (Informationen oder Software) auf der Website von Modafinil Minds vor\u00fcbergehend nur f\u00fcr den pers\u00f6nlichen, nicht-kommerziellen Gebrauch herunterzuladen.  <\/span><\/p>&#13;\n<p>\u00a0<\/p>&#13;\n<p><span style=\"font-weight: 400;\">Es handelt sich um die Gew\u00e4hrung einer Lizenz, nicht um eine \u00dcbertragung des Eigentumsrechts, und im Rahmen dieser Lizenz sind Sie nicht berechtigt:<\/span><\/p>&#13;\n<p>\u00a0<\/p>&#13;\n&#13;\n<ul>&#13;\n<li style=\"font-weight: 400;\" aria-level=\"1\"><span style=\"font-weight: 400;\">modify or copy the materials;<\/span><\/li>&#13;\n<\/ul>&#13;\n<p class=\"wp-block-paragraph\">\u00a0<\/p>&#13;\n<ul>&#13;\n<li style=\"font-weight: 400;\" aria-level=\"1\"><span style=\"font-weight: 400;\">use the materials for any commercial purpose, or for any public display (commercial or non-commercial);<\/span><\/li>&#13;\n<\/ul>&#13;\n<p>\u00a0<\/p>&#13;\n<ul>&#13;\n<li style=\"font-weight: 400;\" aria-level=\"1\"><span style=\"font-weight: 400;\">attempt to decompile or reverse engineer any software contained on <strong>Modafinil Minds<\/strong>&#8218; website;<\/span><\/li>&#13;\n<\/ul>&#13;\n<p>\u00a0<\/p>&#13;\n<ul>&#13;\n<li style=\"font-weight: 400;\" aria-level=\"1\"><span style=\"font-weight: 400;\">remove any copyright or other proprietary notations from the materials; or<\/span><\/li>&#13;\n<\/ul>&#13;\n<p>\u00a0<\/p>&#13;\n<ul>&#13;\n<li style=\"font-weight: 400;\" aria-level=\"1\"><span style=\"font-weight: 400;\">transfer the materials to another person or &#8222;mirror&#8220; the materials on any other server.<\/span><\/li>&#13;\n<\/ul>&#13;\n<p>\u00a0<\/p>&#13;\n<p><span style=\"font-weight: 400;\">Diese Lizenz erlischt automatisch, wenn Sie gegen eine dieser Einschr\u00e4nkungen versto\u00dfen, und kann von Modafinil Minds jederzeit gek\u00fcndigt werden. Nach Beendigung der Betrachtung dieser Materialien oder nach Beendigung dieser Lizenz m\u00fcssen Sie alle heruntergeladenen Materialien, die sich in Ihrem Besitz befinden, egal ob in elektronischer oder gedruckter Form, vernichten. <\/span><\/p>&#13;\n<ul><\/ul><\/ul>\n<p>&nbsp;<\/p>\n<p><!-- \/wp:post-content --><\/p>\n<p><!-- wp:heading {\"level\":3} --><\/p>\n<h3 class=\"wp-block-heading\"><b>3. Haftungsausschluss<\/b><\/h3>\n<p>&nbsp;<\/p>\n<p><!-- \/wp:heading --><\/p>\n<p><!-- wp:paragraph --><\/p>\n<p><span style=\"font-weight: 400;\">Die Materialien auf der Website von <strong>Modafinil Minds<\/strong> werden ohne M\u00e4ngelgew\u00e4hr bereitgestellt.<\/span><\/p>\n<p>&nbsp;<\/p>\n<p><span style=\"font-weight: 400;\">  Modafinil Minds gibt keine ausdr\u00fccklichen oder stillschweigenden Garantien und lehnt hiermit alle anderen Garantien ab, einschlie\u00dflich, aber nicht beschr\u00e4nkt auf, stillschweigende Garantien oder Bedingungen f\u00fcr die Marktg\u00e4ngigkeit, die Eignung f\u00fcr einen bestimmten Zweck oder die Nichtverletzung von geistigem Eigentum oder anderen Rechtsverletzungen.  <\/span><\/p>\n<p>&nbsp;<\/p>\n<p><span style=\"font-weight: 400;\">Dar\u00fcber hinaus \u00fcbernimmt Modafinil Minds keine Gew\u00e4hr f\u00fcr die Richtigkeit, die wahrscheinlichen Ergebnisse oder die Zuverl\u00e4ssigkeit der Nutzung der Materialien auf seiner Website oder in Bezug auf solche Materialien oder auf Websites, die mit dieser Website verlinkt sind, und gibt auch keine Zusicherungen ab.<\/span><\/p>\n<p><!-- \/wp:paragraph --><\/p>\n<p><!-- wp:paragraph --><\/p>\n<p>&nbsp;<\/p>\n<p>&nbsp;<\/p>\n<p><!-- \/wp:paragraph --><\/p>\n<p><!-- wp:heading {\"level\":3} --><\/p>\n<h3 class=\"wp-block-heading\"><b>4. Beschr\u00e4nkungen<\/b><\/h3>\n<p>&nbsp;<\/p>\n<p><!-- \/wp:heading --><\/p>\n<p><!-- wp:paragraph --><\/p>\n<p><span style=\"font-weight: 400;\">In keinem Fall haften Modafinil Minds oder seine Zulieferer f\u00fcr Sch\u00e4den (einschlie\u00dflich, aber nicht beschr\u00e4nkt auf Sch\u00e4den durch Daten- oder Gewinnverluste oder Gesch\u00e4ftsunterbrechungen), die sich aus der Nutzung oder der Unm\u00f6glichkeit der Nutzung der Materialien auf der Website von Modafinil Minds ergeben, selbst wenn Modafinil Minds oder ein autorisierter Vertreter von Modafinil Minds m\u00fcndlich oder schriftlich \u00fcber die M\u00f6glichkeit solcher Sch\u00e4den informiert wurde.<\/span><\/p>\n<p>&nbsp;<\/p>\n<p><!-- \/wp:paragraph --><\/p>\n<p><!-- wp:heading {\"level\":3} --><\/p>\n<h3 class=\"wp-block-heading\"><b>5. Genauigkeit der Materialien<\/b><\/h3>\n<p>&nbsp;<\/p>\n<p><!-- \/wp:heading --><\/p>\n<p><!-- wp:paragraph --><\/p>\n<p><span style=\"font-weight: 400;\">Die Materialien auf der Website von Modafinil Minds k\u00f6nnen technische, typografische oder fotografische Fehler enthalten. Modafinil Minds \u00fcbernimmt keine Garantie f\u00fcr die Richtigkeit, Vollst\u00e4ndigkeit oder Aktualit\u00e4t der Materialien auf seiner Website. <\/span><\/p>\n<p>&nbsp;<\/p>\n<p><span style=\"font-weight: 400;\">  Modafinil Minds kann jederzeit und ohne Vorank\u00fcndigung \u00c4nderungen an den auf seiner Website enthaltenen Materialien vornehmen. Modafinil Minds geht jedoch keine Verpflichtung ein, die Materialien zu aktualisieren. <\/span><\/p>\n<p>&nbsp;<\/p>\n<p><!-- \/wp:paragraph --><\/p>\n<p><!-- wp:heading {\"level\":3} --><\/p>\n<h3 class=\"wp-block-heading\"><b>6. Links<\/b><\/h3>\n<p>&nbsp;<\/p>\n<p><!-- \/wp:heading --><\/p>\n<p><!-- wp:paragraph --><\/p>\n<p><span style=\"font-weight: 400;\">Modafinil Minds hat nicht alle mit seiner Website verlinkten Websites \u00fcberpr\u00fcft und ist nicht f\u00fcr die Inhalte dieser verlinkten Websites verantwortlich.  <\/span><\/p>\n<p>&nbsp;<\/p>\n<p><span style=\"font-weight: 400;\">Die Aufnahme eines Links bedeutet nicht, dass Modafinil Minds die betreffende Website bef\u00fcrwortet. Die Nutzung einer solchen verlinkten Website erfolgt auf eigenes Risiko des Nutzers. <\/span><\/p>\n<p>&nbsp;<\/p>\n<p><!-- \/wp:paragraph --><\/p>\n<p><!-- wp:heading {\"level\":3} --><\/p>\n<h3 class=\"wp-block-heading\"><b>7. \u00c4nderungen<\/b><\/h3>\n<p>&nbsp;<\/p>\n<p><span style=\"font-weight: 400;\">Modafinil Minds kann diese Nutzungsbedingungen f\u00fcr seine Website jederzeit und ohne Vorank\u00fcndigung \u00fcberarbeiten. Durch die Nutzung dieser Website erkl\u00e4ren Sie sich mit der jeweils aktuellen Version dieser Nutzungsbedingungen einverstanden. <\/span><\/p>\n<p>&nbsp;<\/p>\n<p><!-- \/wp:heading --><\/p>\n<p><!-- wp:heading {\"level\":3} --><\/p>\n<h3 class=\"wp-block-heading\"><b>8. Geltendes Recht<\/b><\/h3>\n<p>&nbsp;<\/p>\n<p><!-- \/wp:heading --><\/p>\n<p><!-- wp:paragraph --><\/p>\n<p><span style=\"font-weight: 400;\">Diese Bedingungen unterliegen den Gesetzen des Staates Kalifornien, Vereinigte Staaten von Amerika, und Sie unterwerfen sich unwiderruflich der ausschlie\u00dflichen Gerichtsbarkeit der Gerichte dieses Staates.<\/span><\/p>\n<p>&nbsp;<\/p>\n<p><!-- \/wp:paragraph --><\/p>\n<p><!-- wp:heading {\"level\":3} --><\/p>\n<h3 class=\"wp-block-heading\"><b>Kontakt<\/b><\/h3>\n<h3> <\/h3>\n<p class=\"wp-block-heading\"><span style=\"font-weight: 400;\">Wenn Sie Fragen zu diesen Bedingungen haben, kontaktieren Sie uns bitte unter <a href=\"mailto:hello@modafinilminds.com\">hello@modafinilminds.com<\/a><\/span><\/p>\n<p><!-- \/wp:heading --><\/p>\n<p><!-- wp:paragraph --><\/p>\n<p>&nbsp;<\/p>\n<p><!-- \/wp:paragraph --><\/p>\n","protected":false},"excerpt":{"rendered":"<p>&#13; Zuletzt aktualisiert: 3. Oktober 2023 &#13; \u00a0 &#13; 1. Akzeptanz der Bedingungen &#13; &#13; \u00a0 &#13; Willkommen bei Modafinil Minds. Diese Allgemeinen Gesch\u00e4ftsbedingungen (&#8222;Bedingungen&#8220;) regeln Ihre Nutzung unserer Website unter der Adresse modafinilminds.com (die &#8222;Website&#8220;), die von Modafinil Minds (&#8222;wir&#8220;, &#8222;unser&#8220;, &#8222;uns&#8220;) betrieben wird. Indem Sie auf die Website zugreifen und sie nutzen, erkl\u00e4ren [&hellip;]<\/p>\n","protected":false},"author":5,"featured_media":0,"parent":0,"menu_order":0,"comment_status":"closed","ping_status":"closed","template":"","meta":{"_acf_changed":false,"_crdt_document":"","footnotes":""},"class_list":["post-1484","page","type-page","status-publish","hentry"],"featured_image_src":null,"acf":[],"yoast_head":"<!-- This site is optimized with the Yoast SEO plugin v27.3 - https:\/\/yoast.com\/product\/yoast-seo-wordpress\/ -->\n<title>Allgemeine Gesch\u00e4ftsbedingungen - Modafinilminds<\/title>\n<meta name=\"robots\" content=\"index, follow, max-snippet:-1, max-image-preview:large, max-video-preview:-1\" \/>\n<link rel=\"canonical\" href=\"https:\/\/modafinilminds.com\/terms-of-service\/\" \/>\n<meta property=\"og:locale\" content=\"de_DE\" \/>\n<meta property=\"og:type\" content=\"article\" \/>\n<meta property=\"og:title\" content=\"Allgemeine Gesch\u00e4ftsbedingungen - Modafinilminds\" \/>\n<meta property=\"og:description\" content=\"&#013; Zuletzt aktualisiert: 3. Oktober 2023 &#013; \u00a0 &#013; 1. Akzeptanz der Bedingungen &#013; &#013; \u00a0 &#013; Willkommen bei Modafinil Minds. Diese Allgemeinen Gesch\u00e4ftsbedingungen (&#8222;Bedingungen&#8220;) regeln Ihre Nutzung unserer Website unter der Adresse modafinilminds.com (die &#8222;Website&#8220;), die von Modafinil Minds (&#8222;wir&#8220;, &#8222;unser&#8220;, &#8222;uns&#8220;) betrieben wird. Indem Sie auf die Website zugreifen und sie nutzen, erkl\u00e4ren [&hellip;]\" \/>\n<meta property=\"og:url\" content=\"https:\/\/modafinilminds.com\/terms-of-service\/\" \/>\n<meta property=\"og:site_name\" content=\"Modafinilminds\" \/>\n<meta property=\"article:modified_time\" content=\"2025-01-01T15:48:00+00:00\" \/>\n<meta name=\"twitter:card\" content=\"summary_large_image\" \/>\n<meta name=\"twitter:label1\" content=\"Gesch\u00e4tzte Lesezeit\" \/>\n\t<meta name=\"twitter:data1\" content=\"3\u00a0Minuten\" \/>\n<script type=\"application\/ld+json\" class=\"yoast-schema-graph\">{\"@context\":\"https:\\\/\\\/schema.org\",\"@graph\":[{\"@type\":\"WebPage\",\"@id\":\"https:\\\/\\\/modafinilminds.com\\\/terms-of-service\\\/\",\"url\":\"https:\\\/\\\/modafinilminds.com\\\/terms-of-service\\\/\",\"name\":\"Allgemeine Gesch\u00e4ftsbedingungen - Modafinilminds\",\"isPartOf\":{\"@id\":\"https:\\\/\\\/modafinilminds.com\\\/#website\"},\"datePublished\":\"2024-04-09T05:01:06+00:00\",\"dateModified\":\"2025-01-01T15:48:00+00:00\",\"breadcrumb\":{\"@id\":\"https:\\\/\\\/modafinilminds.com\\\/terms-of-service\\\/#breadcrumb\"},\"inLanguage\":\"de\",\"potentialAction\":[{\"@type\":\"ReadAction\",\"target\":[\"https:\\\/\\\/modafinilminds.com\\\/terms-of-service\\\/\"]}]},{\"@type\":\"BreadcrumbList\",\"@id\":\"https:\\\/\\\/modafinilminds.com\\\/terms-of-service\\\/#breadcrumb\",\"itemListElement\":[{\"@type\":\"ListItem\",\"position\":1,\"name\":\"Home\",\"item\":\"https:\\\/\\\/modafinilminds.com\\\/de\\\/\"},{\"@type\":\"ListItem\",\"position\":2,\"name\":\"Allgemeine Gesch\u00e4ftsbedingungen\"}]},{\"@type\":\"WebSite\",\"@id\":\"https:\\\/\\\/modafinilminds.com\\\/#website\",\"url\":\"https:\\\/\\\/modafinilminds.com\\\/\",\"name\":\"Modafinilminds\",\"description\":\"Modafinilminds\",\"publisher\":{\"@id\":\"https:\\\/\\\/modafinilminds.com\\\/#organization\"},\"potentialAction\":[{\"@type\":\"SearchAction\",\"target\":{\"@type\":\"EntryPoint\",\"urlTemplate\":\"https:\\\/\\\/modafinilminds.com\\\/?s={search_term_string}\"},\"query-input\":{\"@type\":\"PropertyValueSpecification\",\"valueRequired\":true,\"valueName\":\"search_term_string\"}}],\"inLanguage\":\"de\"},{\"@type\":\"Organization\",\"@id\":\"https:\\\/\\\/modafinilminds.com\\\/#organization\",\"name\":\"Modafinilminds\",\"url\":\"https:\\\/\\\/modafinilminds.com\\\/\",\"logo\":{\"@type\":\"ImageObject\",\"inLanguage\":\"de\",\"@id\":\"https:\\\/\\\/modafinilminds.com\\\/#\\\/schema\\\/logo\\\/image\\\/\",\"url\":\"https:\\\/\\\/modafinilminds.com\\\/wp-content\\\/uploads\\\/2024\\\/04\\\/Group-5.png\",\"contentUrl\":\"https:\\\/\\\/modafinilminds.com\\\/wp-content\\\/uploads\\\/2024\\\/04\\\/Group-5.png\",\"width\":264,\"height\":108,\"caption\":\"Modafinilminds\"},\"image\":{\"@id\":\"https:\\\/\\\/modafinilminds.com\\\/#\\\/schema\\\/logo\\\/image\\\/\"}}]}<\/script>\n<!-- \/ Yoast SEO plugin. -->","yoast_head_json":{"title":"Allgemeine Gesch\u00e4ftsbedingungen - Modafinilminds","robots":{"index":"index","follow":"follow","max-snippet":"max-snippet:-1","max-image-preview":"max-image-preview:large","max-video-preview":"max-video-preview:-1"},"canonical":"https:\/\/modafinilminds.com\/terms-of-service\/","og_locale":"de_DE","og_type":"article","og_title":"Allgemeine Gesch\u00e4ftsbedingungen - Modafinilminds","og_description":"&#13; Zuletzt aktualisiert: 3. Oktober 2023 &#13; \u00a0 &#13; 1. Akzeptanz der Bedingungen &#13; &#13; \u00a0 &#13; Willkommen bei Modafinil Minds. Diese Allgemeinen Gesch\u00e4ftsbedingungen (&#8222;Bedingungen&#8220;) regeln Ihre Nutzung unserer Website unter der Adresse modafinilminds.com (die &#8222;Website&#8220;), die von Modafinil Minds (&#8222;wir&#8220;, &#8222;unser&#8220;, &#8222;uns&#8220;) betrieben wird. Indem Sie auf die Website zugreifen und sie nutzen, erkl\u00e4ren [&hellip;]","og_url":"https:\/\/modafinilminds.com\/terms-of-service\/","og_site_name":"Modafinilminds","article_modified_time":"2025-01-01T15:48:00+00:00","twitter_card":"summary_large_image","twitter_misc":{"Gesch\u00e4tzte Lesezeit":"3\u00a0Minuten"},"schema":{"@context":"https:\/\/schema.org","@graph":[{"@type":"WebPage","@id":"https:\/\/modafinilminds.com\/terms-of-service\/","url":"https:\/\/modafinilminds.com\/terms-of-service\/","name":"Allgemeine Gesch\u00e4ftsbedingungen - Modafinilminds","isPartOf":{"@id":"https:\/\/modafinilminds.com\/#website"},"datePublished":"2024-04-09T05:01:06+00:00","dateModified":"2025-01-01T15:48:00+00:00","breadcrumb":{"@id":"https:\/\/modafinilminds.com\/terms-of-service\/#breadcrumb"},"inLanguage":"de","potentialAction":[{"@type":"ReadAction","target":["https:\/\/modafinilminds.com\/terms-of-service\/"]}]},{"@type":"BreadcrumbList","@id":"https:\/\/modafinilminds.com\/terms-of-service\/#breadcrumb","itemListElement":[{"@type":"ListItem","position":1,"name":"Home","item":"https:\/\/modafinilminds.com\/de\/"},{"@type":"ListItem","position":2,"name":"Allgemeine Gesch\u00e4ftsbedingungen"}]},{"@type":"WebSite","@id":"https:\/\/modafinilminds.com\/#website","url":"https:\/\/modafinilminds.com\/","name":"Modafinilminds","description":"Modafinilminds","publisher":{"@id":"https:\/\/modafinilminds.com\/#organization"},"potentialAction":[{"@type":"SearchAction","target":{"@type":"EntryPoint","urlTemplate":"https:\/\/modafinilminds.com\/?s={search_term_string}"},"query-input":{"@type":"PropertyValueSpecification","valueRequired":true,"valueName":"search_term_string"}}],"inLanguage":"de"},{"@type":"Organization","@id":"https:\/\/modafinilminds.com\/#organization","name":"Modafinilminds","url":"https:\/\/modafinilminds.com\/","logo":{"@type":"ImageObject","inLanguage":"de","@id":"https:\/\/modafinilminds.com\/#\/schema\/logo\/image\/","url":"https:\/\/modafinilminds.com\/wp-content\/uploads\/2024\/04\/Group-5.png","contentUrl":"https:\/\/modafinilminds.com\/wp-content\/uploads\/2024\/04\/Group-5.png","width":264,"height":108,"caption":"Modafinilminds"},"image":{"@id":"https:\/\/modafinilminds.com\/#\/schema\/logo\/image\/"}}]}},"_links":{"self":[{"href":"https:\/\/modafinilminds.com\/de\/wp-json\/wp\/v2\/pages\/1484","targetHints":{"allow":["GET"]}}],"collection":[{"href":"https:\/\/modafinilminds.com\/de\/wp-json\/wp\/v2\/pages"}],"about":[{"href":"https:\/\/modafinilminds.com\/de\/wp-json\/wp\/v2\/types\/page"}],"author":[{"embeddable":true,"href":"https:\/\/modafinilminds.com\/de\/wp-json\/wp\/v2\/users\/5"}],"replies":[{"embeddable":true,"href":"https:\/\/modafinilminds.com\/de\/wp-json\/wp\/v2\/comments?post=1484"}],"version-history":[{"count":7,"href":"https:\/\/modafinilminds.com\/de\/wp-json\/wp\/v2\/pages\/1484\/revisions"}],"predecessor-version":[{"id":1537,"href":"https:\/\/modafinilminds.com\/de\/wp-json\/wp\/v2\/pages\/1484\/revisions\/1537"}],"wp:attachment":[{"href":"https:\/\/modafinilminds.com\/de\/wp-json\/wp\/v2\/media?parent=1484"}],"curies":[{"name":"wp","href":"https:\/\/api.w.org\/{rel}","templated":true}]}}